{"id":143,"date":"2019-05-03T07:29:06","date_gmt":"2019-05-03T12:29:06","guid":{"rendered":"https:\/\/tepcabrera.com\/?page_id=143"},"modified":"2024-10-20T12:05:03","modified_gmt":"2024-10-20T17:05:03","slug":"your-real-estate-broker-in-panama-city-panama","status":"publish","type":"page","link":"https:\/\/tepcabrera.com\/es\/","title":{"rendered":"Su agente de bienes ra\u00edces en la ciudad de Panam\u00e1, Panam\u00e1"},"content":{"rendered":"<div class=\"wpb-content-wrapper\"><p>[vc_row css=\u00bb.vc_custom_1557231265317{padding-top: 80px !important;}\u00bb el_id=\u00bbproperties\u00bb][vc_column][vc_column_text]<\/p>\n<h2 style=\"text-align: center;\">PROPIEDADES<\/h2>\n<p>[\/vc_column_text][vc_column_text]<\/p>\n<p style=\"text-align: center;\">En TEP Cabrera Investment, podr\u00e1 acceder a propiedades inmobiliarias exclusivas en la ciudad de Panam\u00e1, Panam\u00e1. Las seleccionamos cuidadosamente en funci\u00f3n de las necesidades de nuestra clientela y luego lo guiamos para encontrar la propiedad que mejor se adapte a sus necesidades.<\/p>\n<p>[\/vc_column_text][\/vc_column][\/vc_row][vc_row full_width=\u00bbstretch_row_content_no_spaces\u00bb el_class=\u00bbproperties-row\u00bb css=\u00bb.vc_custom_1558384177563{padding-right: 7.5px !important;padding-bottom: 80px !important;padding-left: 7.5px !important;}\u00bb][vc_column]<ul  class='luv-carousel  luv-same-height align-top' data-luv-carousel-infinite=\"true\" data-luv-carousel-nav=\"true\" data-luv-carousel-dots=\"true\" data-luv-carousel-autoplay=\"true\" data-luv-carousel-autoplay_timeout=\"5000\" data-luv-carousel-autoplay_pause=\"true\" data-luv-carousel-items=\"{'desktop':'3','laptop':'3','tablet-landscape':'3','tablet-portrait':'2','mobile':'1'}\" data-luv-carousel-margin=\"10\" data-luv-carousel-parallax=\"false\" data-luv-carousel-full_height=\"false\" data-luv-carousel-same_height=\"true\" data-luv-carousel-vertical_alignment=\"top\"><li class=\"    \">[vc_row_inner css=\u00bb.vc_custom_1729442576253{background-image: url(https:\/\/tepcabrera.com\/wp-content\/uploads\/2024\/10\/Aura-TEP-Cabrera-4-min.jpg?id=14599) !important;background-position: center !important;background-repeat: no-repeat !important;background-size: cover !important;}\u00bb][vc_column_inner column_link=\u00bbhttps:\/\/tepcabrera.com\/es\/property\/aura\/\u00bb][vc_column_text]<\/p>\n<p style=\"text-align: center;\">AURA<\/p>\n<p>[\/vc_column_text][\/vc_column_inner][\/vc_row_inner]<\/li><li class=\"    \">[vc_row_inner css=\u00bb.vc_custom_1729442679693{background-image: url(https:\/\/tepcabrera.com\/wp-content\/uploads\/2024\/10\/TEP-Cabrera-Imaterra-Alere-A-01-min.jpg?id=14619) !important;background-position: center !important;background-repeat: no-repeat !important;background-size: cover !important;}\u00bb][vc_column_inner column_link=\u00bbhttps:\/\/tepcabrera.com\/es\/property\/imaterra-alere\/\u00bb][vc_column_text]<\/p>\n<p style=\"text-align: center;\">IMATERRA &#8211; ALERE<\/p>\n<p>[\/vc_column_text][\/vc_column_inner][\/vc_row_inner]<\/li><li class=\"    \">[vc_row_inner css=\u00bb.vc_custom_1729442760668{background-image: url(https:\/\/tepcabrera.com\/wp-content\/uploads\/2024\/10\/TEP-Cabrera-Imaterra-Stella-C-01-min.jpg?id=14657) !important;background-position: center !important;background-repeat: no-repeat !important;background-size: cover !important;}\u00bb][vc_column_inner column_link=\u00bbhttps:\/\/tepcabrera.com\/es\/property\/imaterra-stella\/\u00bb][vc_column_text]<\/p>\n<p style=\"text-align: center;\">IMATERRA &#8211; STELLA<\/p>\n<p>[\/vc_column_text][\/vc_column_inner][\/vc_row_inner]<\/li><li class=\"    \">[vc_row_inner css=\u00bb.vc_custom_1729442844938{background-image: url(https:\/\/tepcabrera.com\/wp-content\/uploads\/2024\/10\/TEP-Cabrera-Imaterra-Caelum-A-01-min.jpg?id=14635) !important;background-position: center !important;background-repeat: no-repeat !important;background-size: cover !important;}\u00bb][vc_column_inner column_link=\u00bbhttps:\/\/tepcabrera.com\/es\/property\/imaterra-caelum\/\u00bb][vc_column_text]<\/p>\n<p style=\"text-align: center;\">IMATERRA &#8211; CAELUM<\/p>\n<p>[\/vc_column_text][\/vc_column_inner][\/vc_row_inner]<\/li><li class=\"    \">[vc_row_inner css=\u00bb.vc_custom_1729442953523{background-image: url(https:\/\/tepcabrera.com\/wp-content\/uploads\/2024\/10\/TepCabrera-GreenCity-panorama-area-social-01.webp?id=14682) !important;background-position: center !important;background-repeat: no-repeat !important;background-size: cover !important;}\u00bb][vc_column_inner column_link=\u00bbhttps:\/\/tepcabrera.com\/es\/property\/green-city-panorama-360\/\u00bb][vc_column_text]<\/p>\n<p style=\"text-align: center;\">GREEN CITY &#8211; PANORAMA 360<\/p>\n<p>[\/vc_column_text][\/vc_column_inner][\/vc_row_inner]<\/li><li class=\"    \">[vc_row_inner css=\u00bb.vc_custom_1729443052497{background-image: url(https:\/\/tepcabrera.com\/wp-content\/uploads\/2024\/10\/TepCabrera-Vida-Casa-Alma-01-min.jpg?id=14701) !important;background-position: center !important;background-repeat: no-repeat !important;background-size: cover !important;}\u00bb][vc_column_inner column_link=\u00bbhttps:\/\/tepcabrera.com\/es\/property\/vida-alma\/\u00bb][vc_column_text]<\/p>\n<p style=\"text-align: center;\">VIDA &#8211; ALMA<\/p>\n<p>[\/vc_column_text][\/vc_column_inner][\/vc_row_inner]<\/li><li class=\"    \">[vc_row_inner css=\u00bb.vc_custom_1729443323063{background-image: url(https:\/\/tepcabrera.com\/wp-content\/uploads\/2024\/10\/TepCabrera-Vida-Casa-Luz-01-min.jpg?id=14718) !important;background-position: center !important;background-repeat: no-repeat !important;background-size: cover !important;}\u00bb][vc_column_inner column_link=\u00bbhttps:\/\/tepcabrera.com\/es\/property\/vida-luz\/\u00bb][vc_column_text]<\/p>\n<p style=\"text-align: center;\">VIDA &#8211; LUZ<\/p>\n<p>[\/vc_column_text][\/vc_column_inner][\/vc_row_inner]<\/li><li class=\"    \">[vc_row_inner css=\u00bb.vc_custom_1729443459853{background-image: url(https:\/\/tepcabrera.com\/wp-content\/uploads\/2024\/10\/TepCabrera-Circon1-min.jpg?id=14769) !important;background-position: center !important;background-repeat: no-repeat !important;background-size: cover !important;}\u00bb][vc_column_inner column_link=\u00bbhttps:\/\/tepcabrera.com\/es\/property\/riverwalk-villa-circon\/\u00bb][vc_column_text]<\/p>\n<p style=\"text-align: center;\">RIVERWALK \u2013 VILLA CIRCON<\/p>\n<p>[\/vc_column_text][\/vc_column_inner][\/vc_row_inner]<\/li><li class=\"    \">[vc_row_inner css=\u00bb.vc_custom_1729443512286{background-image: url(https:\/\/tepcabrera.com\/wp-content\/uploads\/2024\/10\/TepCabrera-Ambar-min.jpg?id=14771) !important;background-position: center !important;background-repeat: no-repeat !important;background-size: cover !important;}\u00bb][vc_column_inner column_link=\u00bbhttps:\/\/tepcabrera.com\/es\/property\/riverwalk-villa-ambar\/\u00bb][vc_column_text]<\/p>\n<p style=\"text-align: center;\">RIVERWALK \u2013 VILLA AMBAR<\/p>\n<p>[\/vc_column_text][\/vc_column_inner][\/vc_row_inner]<\/li><li class=\"    \">[vc_row_inner css=\u00bb.vc_custom_1729443563988{background-image: url(https:\/\/tepcabrera.com\/wp-content\/uploads\/2024\/10\/TepCabrera-Granate-min.jpg?id=14773) !important;background-position: center !important;background-repeat: no-repeat !important;background-size: cover !important;}\u00bb][vc_column_inner column_link=\u00bbhttps:\/\/tepcabrera.com\/es\/property\/riverwalk-villa-granate\/\u00bb][vc_column_text]<\/p>\n<p style=\"text-align: center;\">RIVERWALK \u2013 VILLA GRANATE<\/p>\n<p>[\/vc_column_text][\/vc_column_inner][\/vc_row_inner]<\/li><li class=\"    \">[vc_row_inner css=\u00bb.vc_custom_1729443697061{background-image: url(https:\/\/tepcabrera.com\/wp-content\/uploads\/2024\/10\/TepCabrera-Aquamarina-min.jpg?id=14767) !important;background-position: center !important;background-repeat: no-repeat !important;background-size: cover !important;}\u00bb][vc_column_inner column_link=\u00bbhttps:\/\/tepcabrera.com\/es\/property\/riverwalk-villa-aquamarina\/\u00bb][vc_column_text]<\/p>\n<p style=\"text-align: center;\">RIVERWALK \u2013 VILLA AQUAMARINA<\/p>\n<p>[\/vc_column_text][\/vc_column_inner][\/vc_row_inner]<\/li><li class=\"    \">[vc_row_inner css=\u00bb.vc_custom_1729443793723{background-image: url(https:\/\/tepcabrera.com\/wp-content\/uploads\/2024\/10\/TepCabrera-Centrico-09-min.jpg?id=14813) !important;background-position: center !important;background-repeat: no-repeat !important;background-size: cover !important;}\u00bb][vc_column_inner column_link=\u00bbhttps:\/\/tepcabrera.com\/es\/property\/centriqo-apartamentos\/\u00bb][vc_column_text]<\/p>\n<p style=\"text-align: center;\">CENTRIQO APARTAMENTOS<\/p>\n<p>[\/vc_column_text][\/vc_column_inner][\/vc_row_inner]<\/li><li class=\"    \">[vc_row_inner css=\u00bb.vc_custom_1729443884474{background-image: url(https:\/\/tepcabrera.com\/wp-content\/uploads\/2024\/10\/TepCabrera-Parterre-05-min.jpg?id=14856) !important;background-position: center !important;background-repeat: no-repeat !important;background-size: cover !important;}\u00bb][vc_column_inner column_link=\u00bbhttps:\/\/tepcabrera.com\/es\/property\/parterre-apartamentos\/\u00bb][vc_column_text]<\/p>\n<p style=\"text-align: center;\">PARTERRE APARTAMENTOS<\/p>\n<p>[\/vc_column_text][\/vc_column_inner][\/vc_row_inner]<\/li><\/ul>[\/vc_column][\/vc_row][vc_row css=\u00bb.vc_custom_1557231276645{padding-bottom: 80px !important;}\u00bb el_id=\u00bbservices\u00bb][vc_column][vc_column_text]<\/p>\n<h2 style=\"text-align: center;\">NUESTROS SERVICIOS<\/h2>\n<p>[\/vc_column_text][vc_column_text css=\u00bb.vc_custom_1556896522051{margin-bottom: 80px !important;}\u00bb]<\/p>\n<p style=\"text-align: center;\"><strong>Nuestros valores de orientaci\u00f3n y asesoramiento estar\u00e1n a su servicio <\/strong>para encontrar la propiedad inmobiliaria que busca en<strong> la Ciudad de Panam\u00e1, Panam\u00e1. <\/strong>Nuestra experiencia en el mercado local estar\u00e1 a su disposici\u00f3n en su b\u00fasqueda de propiedades. <strong>Vemos nuestra relaci\u00f3n como una asociaci\u00f3n.<\/strong><\/p>\n<p>[\/vc_column_text][vc_row_inner el_class=\u00bbservices-row\u00bb][vc_column_inner width=\u00bb1\/3&#8243; offset=\u00bbvc_col-lg-4 vc_col-md-4 vc_col-xs-4&#8243;][vc_single_image image=\u00bb41&#8243; alignment=\u00bbcenter\u00bb][vc_column_text font_size=\u00bb18px\u00bb responsive_font_size=\u00bbtrue\u00bb]<\/p>\n<p style=\"text-align: center;\">BIENES RA\u00cdCES<\/p>\n<p>[\/vc_column_text][\/vc_column_inner][vc_column_inner width=\u00bb1\/3&#8243; offset=\u00bbvc_col-lg-4 vc_col-md-4 vc_col-xs-4&#8243;][vc_single_image image=\u00bb39&#8243; alignment=\u00bbcenter\u00bb][vc_column_text font_size=\u00bb18px\u00bb responsive_font_size=\u00bbtrue\u00bb]<\/p>\n<p style=\"text-align: center;\">ASESORES<\/p>\n<p>[\/vc_column_text][\/vc_column_inner][vc_column_inner width=\u00bb1\/3&#8243; offset=\u00bbvc_col-lg-4 vc_col-md-4 vc_col-xs-4&#8243;][vc_single_image image=\u00bb40&#8243; alignment=\u00bbcenter\u00bb][vc_column_text font_size=\u00bb18px\u00bb responsive_font_size=\u00bbtrue\u00bb]<\/p>\n<p style=\"text-align: center;\">CONSULTORIA<\/p>\n<p>[\/vc_column_text][\/vc_column_inner][\/vc_row_inner][\/vc_column][\/vc_row][vc_row full_width=\u00bbstretch_row_content\u00bb equal_height=\u00bbyes\u00bb css=\u00bb.vc_custom_1556539033758{margin-bottom: 80px !important;}\u00bb][vc_column width=\u00bb1\/2&#8243; css=\u00bb.vc_custom_1556538677612{background-image: url(https:\/\/tepcabrera.com\/wp-content\/uploads\/2019\/04\/tep_img_4.jpg?id=61) !important;background-position: center !important;background-repeat: no-repeat !important;background-size: cover !important;}\u00bb el_class=\u00bbabout-section-img\u00bb][\/vc_column][vc_column width=\u00bb1\/2&#8243; el_class=\u00bbabout-section-text\u00bb][vc_row_inner css=\u00bb.vc_custom_1557231302414{margin-bottom: 0px !important;}\u00bb el_id=\u00bbabout\u00bb][vc_column_inner css=\u00bb.vc_custom_1557231297743{padding-top: 0px !important;}\u00bb][\/vc_column_inner][\/vc_row_inner][vc_column_text]<\/p>\n<h2 style=\"text-align: center;\">QUIENES SOMOS<\/h2>\n<p>[\/vc_column_text][vc_column_text]<\/p>\n<p style=\"text-align: left;\"><strong>TEP Cabrera Investment es un corredor de bienes ra\u00edces especializado en la Ciudad de Panam\u00e1, Panam\u00e1. <\/strong>Hemos estado en el mercado inmobiliario localmente durante m\u00e1s de una d\u00e9cada y hemos visto c\u00f3mo la ciudad se desarroll\u00f3 de manera exponencial. Estamos aqu\u00ed para ayudarlo a encontrar la propiedad de su sue\u00f1o en base a nuestro conocimiento y acceso. Tambi\u00e9n trabajamos en estrecha colaboraci\u00f3n con los bancos y podemos ayudarlo a encontrar el paquete de hipoteca correcto si necesita financiamiento.<br \/>\n<strong>Puede contar con nosotros como asesores para guiarlo en estos pasos.<\/strong><\/p>\n<p>[\/vc_column_text][\/vc_column][\/vc_row][vc_row full_width=\u00bbstretch_row_content\u00bb css=\u00bb.vc_custom_1557231313307{margin-bottom: 80px !important;}\u00bb el_id=\u00bbcontact\u00bb][vc_column width=\u00bb1\/2&#8243;][vc_column_text]<\/p>\n<h2>\u00bfNECESITA UN EXPERTO EN BIENES RA\u00cdCES?<br \/>\nSOLO COMPARTA SUS DETALLES ABAJO<\/h2>\n<p>[\/vc_column_text]\n<div class=\"wpcf7 no-js\" id=\"wpcf7-f154-o1\" lang=\"en-US\" dir=\"ltr\" data-wpcf7-id=\"154\">\n<div class=\"screen-reader-response\"><p role=\"status\" aria-live=\"polite\" aria-atomic=\"true\"><\/p> <ul><\/ul><\/div>\n<form action=\"\/es\/wp-json\/wp\/v2\/pages\/143#wpcf7-f154-o1\" method=\"post\" class=\"wpcf7-form init\" aria-label=\"Contact form\" novalidate=\"novalidate\" data-status=\"init\">\n<fieldset class=\"hidden-fields-container\"><input type=\"hidden\" name=\"_wpcf7\" value=\"154\" \/><input type=\"hidden\" name=\"_wpcf7_version\" value=\"6.1.5\" \/><input type=\"hidden\" name=\"_wpcf7_locale\" value=\"en_US\" \/><input type=\"hidden\" name=\"_wpcf7_unit_tag\" value=\"wpcf7-f154-o1\" \/><input type=\"hidden\" name=\"_wpcf7_container_post\" value=\"0\" \/><input type=\"hidden\" name=\"_wpcf7_posted_data_hash\" value=\"\" \/>\n<\/fieldset>\n<div class=\"tep-contact-form\">\n\t<div class=\"vc_row wpb_row vc_row-o-equal-height vc_row-flex\">\n\t\t<div class=\"vc_col-sm-6\">\n\t\t\t<p><span class=\"wpcf7-form-control-wrap\" data-name=\"name\"><input size=\"40\" maxlength=\"400\" class=\"wpcf7-form-control wpcf7-text\" aria-invalid=\"false\" placeholder=\"Nombre...\" value=\"\" type=\"text\" name=\"name\" \/><\/span>\n\t\t\t<\/p>\n\t\t<\/div>\n\t\t<div class=\"vc_col-sm-6\">\n\t\t\t<p><span class=\"wpcf7-form-control-wrap\" data-name=\"phone\"><input size=\"40\" maxlength=\"400\" class=\"wpcf7-form-control wpcf7-tel wpcf7-text wpcf7-validates-as-tel\" aria-invalid=\"false\" placeholder=\"Tel\u00e9fono...\" value=\"\" type=\"tel\" name=\"phone\" \/><\/span>\n\t\t\t<\/p>\n\t\t<\/div>\n\t<\/div>\n\t<p><span class=\"wpcf7-form-control-wrap\" data-name=\"email\"><span class=\"wpcf7-form-control-wrap\" data-name=\"hcap-cf7\">\t\t<input\n\t\t\t\ttype=\"hidden\"\n\t\t\t\tclass=\"hcaptcha-widget-id\"\n\t\t\t\tname=\"hcaptcha-widget-id\"\n\t\t\t\tvalue=\"eyJzb3VyY2UiOlsiY29udGFjdC1mb3JtLTdcL3dwLWNvbnRhY3QtZm9ybS03LnBocCJdLCJmb3JtX2lkIjoxNTR9-7121dabbccaf0e01623c0ecaf7f7958d\">\n\t\t\t\t<span id=\"hcap_cf7-69f744379422e7.78902962\" class=\"wpcf7-form-control h-captcha \"\n\t\t\tdata-sitekey=\"b132bb2e-69a9-4974-9136-bb382d980ddb\"\n\t\t\tdata-theme=\"light\"\n\t\t\tdata-size=\"invisible\"\n\t\t\tdata-auto=\"false\"\n\t\t\tdata-ajax=\"false\"\n\t\t\tdata-force=\"false\">\n\t\t<\/span>\n\t\t<input type=\"hidden\" id=\"_wpnonce\" name=\"_wpnonce\" value=\"7ce1b814b6\" \/><input type=\"hidden\" name=\"_wp_http_referer\" value=\"\/es\/wp-json\/wp\/v2\/pages\/143\" \/><\/span><input size=\"40\" maxlength=\"400\" class=\"wpcf7-form-control wpcf7-email wpcf7-text wpcf7-validates-as-email\" aria-invalid=\"false\" placeholder=\"Su correo electr\u00f3nico...\" value=\"\" type=\"email\" name=\"email\" \/><\/span><span class=\"wpcf7-form-control-wrap\" data-name=\"property\"><select class=\"wpcf7-form-control wpcf7-select\" aria-invalid=\"false\" name=\"property\"><option value=\"Aura\">Aura<\/option><option value=\"Imaterra\">Imaterra<\/option><option value=\"Green City - Panorama 360\">Green City - Panorama 360<\/option><option value=\"Vida\">Vida<\/option><option value=\"RiverWalk\">RiverWalk<\/option><option value=\"Centriqo\">Centriqo<\/option><option value=\"Parterre\">Parterre<\/option><\/select><\/span><span class=\"wpcf7-form-control-wrap\" data-name=\"textarea\"><textarea cols=\"40\" rows=\"10\" maxlength=\"2000\" class=\"wpcf7-form-control wpcf7-textarea\" aria-invalid=\"false\" placeholder=\"Su mensaje...\" name=\"textarea\"><\/textarea><\/span><input class=\"wpcf7-form-control wpcf7-submit btn btn-global btn-full\" type=\"submit\" value=\"ENVIAR\" \/>\n\t<\/p>\n<\/div><div class=\"wpcf7-response-output\" aria-hidden=\"true\"><\/div>\n<\/form>\n<\/div>\n[\/vc_column][vc_column width=\u00bb1\/2&#8243;]<ul class=\"luvmap luv_dynamic-a61953fa\" data-type=\"roadmap\" data-animation=\"drop\" data-zoom=\"15\" data-disable-ui=\"true\" data-scrollwheel=\"true\" data-draggable=\"true\"  data-use-clusters=\"true\"><li class=\"luvmap-address\">Panam\u00e1, Ciudad de Panam\u00e1 Albrook, Pine Hill, Corregimiento de Ancon<img decoding=\"async\" class=\"luvmap-icon\" src=\"https:\/\/tepcabrera.com\/wp-content\/uploads\/2019\/04\/pin.png\"><span class=\"luvmap-info\">CONTACTANOS EN:<\/p>\n<p>TEP Cabrera Investment<\/p>\n<p>Tel:\u00a0<a href=\"tel:+50767235037\">+507 67235037<\/a><\/span><\/li>\n<\/ul>[\/vc_column][\/vc_row]<\/p>\n<\/div>","protected":false},"excerpt":{"rendered":"<p>[vc_row css=\u00bb.vc_custom_1557231265317{padding-top: 80px !important;}\u00bb el_id=\u00bbproperties\u00bb][vc_column][vc_column_text] PROPIEDADES [\/vc_column_text][vc_column_text] En TEP Cabrera Investment, podr\u00e1 acceder a propiedades inmobiliarias exclusivas en la ciudad de Panam\u00e1, Panam\u00e1. Las seleccionamos cuidadosamente en funci\u00f3n de las necesidades de nuestra clientela y luego lo guiamos para encontrar la propiedad que mejor se adapte a sus necesidades. [\/vc_column_text][\/vc_column][\/vc_row][vc_row full_width=\u00bbstretch_row_content_no_spaces\u00bb el_class=\u00bbproperties-row\u00bb css=\u00bb.vc_custom_1558384177563{padding-right: 7.5px !important;padding-bottom: [&hellip;]<\/p>\n","protected":false},"author":1,"featured_media":0,"parent":0,"menu_order":0,"comment_status":"closed","ping_status":"closed","template":"","meta":{"_acf_changed":false,"footnotes":""},"class_list":["post-143","page","type-page","status-publish","hentry"],"acf":[],"yoast_head":"<!-- This site is optimized with the Yoast SEO plugin v27.5 - https:\/\/yoast.com\/product\/yoast-seo-wordpress\/ -->\n<title>Su agente de bienes ra\u00edces en la ciudad de Panam\u00e1, Panam\u00e1 - TEP Cabrera Investment<\/title>\n<meta name=\"robots\" content=\"index, follow, max-snippet:-1, max-image-preview:large, max-video-preview:-1\" \/>\n<link rel=\"canonical\" href=\"https:\/\/tepcabrera.com\/es\/\" \/>\n<meta property=\"og:locale\" content=\"es_ES\" \/>\n<meta property=\"og:type\" content=\"article\" \/>\n<meta property=\"og:title\" content=\"Su agente de bienes ra\u00edces en la ciudad de Panam\u00e1, Panam\u00e1 - TEP Cabrera Investment\" \/>\n<meta property=\"og:description\" content=\"[vc_row css=\u00bb.vc_custom_1557231265317{padding-top: 80px !important;}\u00bb el_id=\u00bbproperties\u00bb][vc_column][vc_column_text] PROPIEDADES [\/vc_column_text][vc_column_text] En TEP Cabrera Investment, podr\u00e1 acceder a propiedades inmobiliarias exclusivas en la ciudad de Panam\u00e1, Panam\u00e1. Las seleccionamos cuidadosamente en funci\u00f3n de las necesidades de nuestra clientela y luego lo guiamos para encontrar la propiedad que mejor se adapte a sus necesidades. [\/vc_column_text][\/vc_column][\/vc_row][vc_row full_width=\u00bbstretch_row_content_no_spaces\u00bb el_class=\u00bbproperties-row\u00bb css=\u00bb.vc_custom_1558384177563{padding-right: 7.5px !important;padding-bottom: [&hellip;]\" \/>\n<meta property=\"og:url\" content=\"https:\/\/tepcabrera.com\/es\/\" \/>\n<meta property=\"og:site_name\" content=\"TEP Cabrera Investment\" \/>\n<meta property=\"article:modified_time\" content=\"2024-10-20T17:05:03+00:00\" \/>\n<meta name=\"twitter:card\" content=\"summary_large_image\" \/>\n<meta name=\"twitter:label1\" content=\"Tiempo de lectura\" \/>\n\t<meta name=\"twitter:data1\" content=\"3 minutos\" \/>\n<script type=\"application\/ld+json\" class=\"yoast-schema-graph\">{\"@context\":\"https:\\\/\\\/schema.org\",\"@graph\":[{\"@type\":\"WebPage\",\"@id\":\"https:\\\/\\\/tepcabrera.com\\\/es\\\/\",\"url\":\"https:\\\/\\\/tepcabrera.com\\\/es\\\/\",\"name\":\"Su agente de bienes ra\u00edces en la ciudad de Panam\u00e1, Panam\u00e1 - TEP Cabrera Investment\",\"isPartOf\":{\"@id\":\"https:\\\/\\\/tepcabrera.com\\\/es\\\/#website\"},\"datePublished\":\"2019-05-03T12:29:06+00:00\",\"dateModified\":\"2024-10-20T17:05:03+00:00\",\"breadcrumb\":{\"@id\":\"https:\\\/\\\/tepcabrera.com\\\/es\\\/#breadcrumb\"},\"inLanguage\":\"es\",\"potentialAction\":[{\"@type\":\"ReadAction\",\"target\":[\"https:\\\/\\\/tepcabrera.com\\\/es\\\/\"]}]},{\"@type\":\"BreadcrumbList\",\"@id\":\"https:\\\/\\\/tepcabrera.com\\\/es\\\/#breadcrumb\",\"itemListElement\":[{\"@type\":\"ListItem\",\"position\":1,\"name\":\"Home\",\"item\":\"https:\\\/\\\/tepcabrera.com\\\/es\\\/\"},{\"@type\":\"ListItem\",\"position\":2,\"name\":\"Su agente de bienes ra\u00edces en la ciudad de Panam\u00e1, Panam\u00e1\"}]},{\"@type\":\"WebSite\",\"@id\":\"https:\\\/\\\/tepcabrera.com\\\/es\\\/#website\",\"url\":\"https:\\\/\\\/tepcabrera.com\\\/es\\\/\",\"name\":\"TEP Cabrera Investment\",\"description\":\"TEP Cabrera Investment, your real estate broker in Panama city, Panama\",\"potentialAction\":[{\"@type\":\"SearchAction\",\"target\":{\"@type\":\"EntryPoint\",\"urlTemplate\":\"https:\\\/\\\/tepcabrera.com\\\/es\\\/?s={search_term_string}\"},\"query-input\":{\"@type\":\"PropertyValueSpecification\",\"valueRequired\":true,\"valueName\":\"search_term_string\"}}],\"inLanguage\":\"es\"}]}<\/script>\n<!-- \/ Yoast SEO plugin. -->","yoast_head_json":{"title":"Su agente de bienes ra\u00edces en la ciudad de Panam\u00e1, Panam\u00e1 - TEP Cabrera Investment","robots":{"index":"index","follow":"follow","max-snippet":"max-snippet:-1","max-image-preview":"max-image-preview:large","max-video-preview":"max-video-preview:-1"},"canonical":"https:\/\/tepcabrera.com\/es\/","og_locale":"es_ES","og_type":"article","og_title":"Su agente de bienes ra\u00edces en la ciudad de Panam\u00e1, Panam\u00e1 - TEP Cabrera Investment","og_description":"[vc_row css=\u00bb.vc_custom_1557231265317{padding-top: 80px !important;}\u00bb el_id=\u00bbproperties\u00bb][vc_column][vc_column_text] PROPIEDADES [\/vc_column_text][vc_column_text] En TEP Cabrera Investment, podr\u00e1 acceder a propiedades inmobiliarias exclusivas en la ciudad de Panam\u00e1, Panam\u00e1. Las seleccionamos cuidadosamente en funci\u00f3n de las necesidades de nuestra clientela y luego lo guiamos para encontrar la propiedad que mejor se adapte a sus necesidades. [\/vc_column_text][\/vc_column][\/vc_row][vc_row full_width=\u00bbstretch_row_content_no_spaces\u00bb el_class=\u00bbproperties-row\u00bb css=\u00bb.vc_custom_1558384177563{padding-right: 7.5px !important;padding-bottom: [&hellip;]","og_url":"https:\/\/tepcabrera.com\/es\/","og_site_name":"TEP Cabrera Investment","article_modified_time":"2024-10-20T17:05:03+00:00","twitter_card":"summary_large_image","twitter_misc":{"Tiempo de lectura":"3 minutos"},"schema":{"@context":"https:\/\/schema.org","@graph":[{"@type":"WebPage","@id":"https:\/\/tepcabrera.com\/es\/","url":"https:\/\/tepcabrera.com\/es\/","name":"Su agente de bienes ra\u00edces en la ciudad de Panam\u00e1, Panam\u00e1 - TEP Cabrera Investment","isPartOf":{"@id":"https:\/\/tepcabrera.com\/es\/#website"},"datePublished":"2019-05-03T12:29:06+00:00","dateModified":"2024-10-20T17:05:03+00:00","breadcrumb":{"@id":"https:\/\/tepcabrera.com\/es\/#breadcrumb"},"inLanguage":"es","potentialAction":[{"@type":"ReadAction","target":["https:\/\/tepcabrera.com\/es\/"]}]},{"@type":"BreadcrumbList","@id":"https:\/\/tepcabrera.com\/es\/#breadcrumb","itemListElement":[{"@type":"ListItem","position":1,"name":"Home","item":"https:\/\/tepcabrera.com\/es\/"},{"@type":"ListItem","position":2,"name":"Su agente de bienes ra\u00edces en la ciudad de Panam\u00e1, Panam\u00e1"}]},{"@type":"WebSite","@id":"https:\/\/tepcabrera.com\/es\/#website","url":"https:\/\/tepcabrera.com\/es\/","name":"TEP Cabrera Investment","description":"TEP Cabrera Investment, your real estate broker in Panama city, Panama","potentialAction":[{"@type":"SearchAction","target":{"@type":"EntryPoint","urlTemplate":"https:\/\/tepcabrera.com\/es\/?s={search_term_string}"},"query-input":{"@type":"PropertyValueSpecification","valueRequired":true,"valueName":"search_term_string"}}],"inLanguage":"es"}]}},"_links":{"self":[{"href":"https:\/\/tepcabrera.com\/es\/wp-json\/wp\/v2\/pages\/143","targetHints":{"allow":["GET"]}}],"collection":[{"href":"https:\/\/tepcabrera.com\/es\/wp-json\/wp\/v2\/pages"}],"about":[{"href":"https:\/\/tepcabrera.com\/es\/wp-json\/wp\/v2\/types\/page"}],"author":[{"embeddable":true,"href":"https:\/\/tepcabrera.com\/es\/wp-json\/wp\/v2\/users\/1"}],"replies":[{"embeddable":true,"href":"https:\/\/tepcabrera.com\/es\/wp-json\/wp\/v2\/comments?post=143"}],"version-history":[{"count":46,"href":"https:\/\/tepcabrera.com\/es\/wp-json\/wp\/v2\/pages\/143\/revisions"}],"predecessor-version":[{"id":14914,"href":"https:\/\/tepcabrera.com\/es\/wp-json\/wp\/v2\/pages\/143\/revisions\/14914"}],"wp:attachment":[{"href":"https:\/\/tepcabrera.com\/es\/wp-json\/wp\/v2\/media?parent=143"}],"curies":[{"name":"wp","href":"https:\/\/api.w.org\/{rel}","templated":true}]}}